{"id":11,"date":"2024-06-13T18:32:40","date_gmt":"2024-06-13T18:32:40","guid":{"rendered":"https:\/\/uzmangrafiker.com\/?page_id=11"},"modified":"2024-06-13T18:46:32","modified_gmt":"2024-06-13T18:46:32","slug":"ahmetmuhsin","status":"publish","type":"page","link":"https:\/\/uzmangrafiker.com\/index.php\/sample-page\/ahmetmuhsin\/","title":{"rendered":"ahmetmuhsin"},"content":{"rendered":"<table>\n<tr>\n<td><a href=\"\" class=\"btn btn-danger\">Giri\u015f<\/a><\/td>\n<td><button class=\"btn btn-succes\">Giri\u015f<\/button><\/td>\n<td><a href=\"\" class=\"btn btn-succes\">Giri\u015f<\/a><\/td>\n<td><button class=\"btn btn-danger\">\u00c7\u0131k\u0131\u015f<\/button><\/td>\n<td><button class=\"btn btn-succes\">Giri\u015f<\/button><\/td>\n<td><button=\"\" class=\"btn btn-succes\">Giri\u015f<\/button><\/td>\n<\/tr>\n<tr>\n<td>\u00dcstat Y\u0131ld\u0131ray : <\/td>\n<p><marquee>oda Mutsuz<\/marquee><\/p>\n<\/tr>\n<\/table>\n","protected":false},"excerpt":{"rendered":"<p>Giri\u015f Giri\u015f Giri\u015f \u00c7\u0131k\u0131\u015f Giri\u015f Giri\u015f \u00dcstat Y\u0131ld\u0131ray : oda Mutsuz<\/p>\n","protected":false},"author":1,"featured_media":0,"parent":2,"menu_order":0,"comment_status":"closed","ping_status":"closed","template":"","meta":{"footnotes":""},"_links":{"self":[{"href":"https:\/\/uzmangrafiker.com\/index.php\/wp-json\/wp\/v2\/pages\/11"}],"collection":[{"href":"https:\/\/uzmangrafiker.com\/index.php\/wp-json\/wp\/v2\/pages"}],"about":[{"href":"https:\/\/uzmangrafiker.com\/index.php\/wp-json\/wp\/v2\/types\/page"}],"author":[{"embeddable":true,"href":"https:\/\/uzmangrafiker.com\/index.php\/wp-json\/wp\/v2\/users\/1"}],"replies":[{"embeddable":true,"href":"https:\/\/uzmangrafiker.com\/index.php\/wp-json\/wp\/v2\/comments?post=11"}],"version-history":[{"count":15,"href":"https:\/\/uzmangrafiker.com\/index.php\/wp-json\/wp\/v2\/pages\/11\/revisions"}],"predecessor-version":[{"id":26,"href":"https:\/\/uzmangrafiker.com\/index.php\/wp-json\/wp\/v2\/pages\/11\/revisions\/26"}],"up":[{"embeddable":true,"href":"https:\/\/uzmangrafiker.com\/index.php\/wp-json\/wp\/v2\/pages\/2"}],"wp:attachment":[{"href":"https:\/\/uzmangrafiker.com\/index.php\/wp-json\/wp\/v2\/media?parent=11"}],"curies":[{"name":"wp","href":"https:\/\/api.w.org\/{rel}","templated":true}]}}